{"id":26367,"date":"2025-06-10T12:12:44","date_gmt":"2025-06-10T12:12:44","guid":{"rendered":"https:\/\/casanlucar.com\/?page_id=26367"},"modified":"2025-06-19T18:46:55","modified_gmt":"2025-06-19T18:46:55","slug":"sanlucar-centro","status":"publish","type":"page","link":"https:\/\/casanlucar.com\/index.php\/sanlucar-centro\/","title":{"rendered":"SANL\u00daCAR CENTRO"},"content":{"rendered":"<p>[et_pb_section fb_built=\u00bb1&#8243; custom_padding_last_edited=\u00bbon|phone\u00bb admin_label=\u00bbHero Section\u00bb _builder_version=\u00bb4.14.2&#8243; background_enable_color=\u00bboff\u00bb use_background_color_gradient=\u00bbon\u00bb background_color_gradient_start=\u00bb#a8b223&#8243; background_color_gradient_end=\u00bb#34517c\u00bb background_image=\u00bbhttp:\/\/casanlucar.com\/wp-content\/uploads\/2022\/03\/casanlucar_apartamento_manzanilla_1.jpg\u00bb background_blend=\u00bbmultiply\u00bb width=\u00bb100%\u00bb custom_padding=\u00bb200px|0px|200px|0px\u00bb custom_padding_tablet=\u00bb200px||200px|\u00bb custom_padding_phone=\u00bb140px||140px|\u00bb global_colors_info=\u00bb{}\u00bb][et_pb_row _builder_version=\u00bb4.14.2&#8243; custom_padding=\u00bb|||\u00bb animation_style=\u00bbslide\u00bb animation_direction=\u00bbbottom\u00bb animation_intensity_slide=\u00bb10%\u00bb global_colors_info=\u00bb{}\u00bb][et_pb_column type=\u00bb4_4&#8243; _builder_version=\u00bb3.25&#8243; custom_padding=\u00bb|||\u00bb global_colors_info=\u00bb{}\u00bb custom_padding__hover=\u00bb|||\u00bb][et_pb_text _builder_version=\u00bb4.14.2&#8243; _module_preset=\u00bbdefault\u00bb header_text_color=\u00bb#FFFFFF\u00bb header_font_size=\u00bb43px\u00bb header_2_text_align=\u00bbcenter\u00bb header_2_text_color=\u00bb#FFFFFF\u00bb hover_enabled=\u00bb0&#8243; global_colors_info=\u00bb{}\u00bb sticky_enabled=\u00bb0&#8243;]<\/p>\n<h2 class=\"elementor-heading-title elementor-size-default\">SANL\u00daCAR CENTRO: ALOJAMIENTO CON ENCANTO EN EL CORAZ\u00d3N DE LA CIUDAD<\/h2>\n<p>[\/et_pb_text][\/et_pb_column][\/et_pb_row][\/et_pb_section][et_pb_section fb_built=\u00bb1&#8243; _builder_version=\u00bb4.14.2&#8243; _module_preset=\u00bbdefault\u00bb custom_padding=\u00bb5px||25px|||\u00bb global_colors_info=\u00bb{}\u00bb][et_pb_row column_structure=\u00bb1_2,1_2&#8243; _builder_version=\u00bb4.14.2&#8243; _module_preset=\u00bbdefault\u00bb global_colors_info=\u00bb{}\u00bb][et_pb_column type=\u00bb1_2&#8243; _builder_version=\u00bb4.14.2&#8243; _module_preset=\u00bbdefault\u00bb global_colors_info=\u00bb{}\u00bb][et_pb_text _builder_version=\u00bb4.14.2&#8243; _module_preset=\u00bbdefault\u00bb text_font_size=\u00bb17px\u00bb custom_margin=\u00bb63px||||false|false\u00bb hover_enabled=\u00bb0&#8243; global_colors_info=\u00bb{}\u00bb sticky_enabled=\u00bb0&#8243;]<\/p>\n<div class=\"elementor-element elementor-element-e6c25e8 elementor-widget elementor-widget-text-editor\" data-id=\"e6c25e8\" data-element_type=\"widget\" data-widget_type=\"text-editor.default\" style=\"text-align: justify;\">\n<div class=\"elementor-widget-container\">\n<div class=\"elementor-text-editor elementor-clearfix\">\n<p>En Casanl\u00facar te ofrecemos la posibilidad de alojarte en uno de los edificios m\u00e1s emblem\u00e1ticos del centro hist\u00f3rico de Sanl\u00facar de Barrameda: el edificio\u00a0<strong>Sanl\u00facar Centro<\/strong>.<\/p>\n<p>Ubicado en la\u00a0<strong>Plaza San Roque<\/strong>, junto al antiguo Bar El Cura, este edificio rehabilitado combina el car\u00e1cter andaluz original con todas las comodidades modernas. Gracias a su excelente ubicaci\u00f3n, es perfecto para quienes buscan disfrutar de la ciudad a pie y estar a tan solo\u00a0<strong>10 minutos de la playa<\/strong>.<\/p>\n<p>&nbsp;<\/p>\n<\/div>\n<\/div>\n<\/div>\n<div class=\"elementor-element elementor-element-856de7b elementor-widget elementor-widget-text-editor\" data-id=\"856de7b\" data-element_type=\"widget\" data-widget_type=\"text-editor.default\" style=\"text-align: justify;\">\n<div class=\"elementor-widget-container\"><\/div>\n<\/div>\n<p>[\/et_pb_text][\/et_pb_column][et_pb_column type=\u00bb1_2&#8243; _builder_version=\u00bb4.14.2&#8243; _module_preset=\u00bbdefault\u00bb global_colors_info=\u00bb{}\u00bb][et_pb_image src=\u00bbhttp:\/\/casanlucar.com\/wp-content\/uploads\/2025\/06\/SC1.jpg\u00bb title_text=\u00bbSC1&#8243; _builder_version=\u00bb4.14.2&#8243; _module_preset=\u00bbdefault\u00bb hover_enabled=\u00bb0&#8243; global_colors_info=\u00bb{}\u00bb width=\u00bb87%\u00bb sticky_enabled=\u00bb0&#8243;][\/et_pb_image][\/et_pb_column][\/et_pb_row][et_pb_row _builder_version=\u00bb4.14.2&#8243; _module_preset=\u00bbdefault\u00bb global_colors_info=\u00bb{}\u00bb][et_pb_column type=\u00bb4_4&#8243; _builder_version=\u00bb4.14.2&#8243; _module_preset=\u00bbdefault\u00bb global_colors_info=\u00bb{}\u00bb][et_pb_divider _builder_version=\u00bb4.14.2&#8243; _module_preset=\u00bbdefault\u00bb global_colors_info=\u00bb{}\u00bb][\/et_pb_divider][\/et_pb_column][\/et_pb_row][\/et_pb_section][et_pb_section fb_built=\u00bb1&#8243; _builder_version=\u00bb4.14.2&#8243; _module_preset=\u00bbdefault\u00bb custom_margin=\u00bb0px|||||\u00bb custom_padding=\u00bb1px||9px|||\u00bb hover_enabled=\u00bb0&#8243; global_colors_info=\u00bb{}\u00bb sticky_enabled=\u00bb0&#8243;][et_pb_row _builder_version=\u00bb4.14.2&#8243; _module_preset=\u00bbdefault\u00bb][et_pb_column _builder_version=\u00bb4.14.2&#8243; _module_preset=\u00bbdefault\u00bb type=\u00bb4_4&#8243;][et_pb_text admin_label=\u00bbTitle\u00bb _builder_version=\u00bb4.14.2&#8243; text_font=\u00bbUbuntu||||||||\u00bb text_font_size=\u00bb16px\u00bb text_line_height=\u00bb1.8em\u00bb header_font=\u00bb||||||||\u00bb header_2_font=\u00bbMontserrat|700|||||||\u00bb header_2_font_size=\u00bb40px\u00bb header_2_line_height=\u00bb1.4em\u00bb text_orientation=\u00bbcenter\u00bb max_width=\u00bb601px\u00bb module_alignment=\u00bbcenter\u00bb custom_margin=\u00bb||5px|||\u00bb hover_enabled=\u00bb0&#8243; global_colors_info=\u00bb{}\u00bb sticky_enabled=\u00bb0&#8243;]<\/p>\n<h2><strong>Una casa ideal para grupos<\/strong><\/h2>\n<p>[\/et_pb_text][\/et_pb_column][\/et_pb_row][et_pb_row _builder_version=\u00bb4.14.2&#8243; _module_preset=\u00bbdefault\u00bb column_structure=\u00bb1_2,1_2&#8243;][et_pb_column _builder_version=\u00bb4.14.2&#8243; _module_preset=\u00bbdefault\u00bb type=\u00bb1_2&#8243;][et_pb_image src=\u00bbhttp:\/\/casanlucar.com\/wp-content\/uploads\/2025\/06\/sr.jpg\u00bb title_text=\u00bbsr\u00bb _builder_version=\u00bb4.14.2&#8243; _module_preset=\u00bbdefault\u00bb hover_enabled=\u00bb0&#8243; global_colors_info=\u00bb{}\u00bb sticky_enabled=\u00bb0&#8243; custom_margin=\u00bb59px||||false|false\u00bb custom_margin_last_edited=\u00bbon|phone\u00bb custom_margin_phone=\u00bb0px||||false|false\u00bb custom_margin_tablet=\u00bb0px||||false|false\u00bb][\/et_pb_image][\/et_pb_column][et_pb_column _builder_version=\u00bb4.14.2&#8243; _module_preset=\u00bbdefault\u00bb type=\u00bb1_2&#8243;][et_pb_text _builder_version=\u00bb4.14.2&#8243; _module_preset=\u00bbdefault\u00bb hover_enabled=\u00bb0&#8243; global_colors_info=\u00bb{}\u00bb sticky_enabled=\u00bb0&#8243; text_font_size=\u00bb16px\u00bb]<\/p>\n<div class=\"elementor-element elementor-element-e6c25e8 elementor-widget elementor-widget-text-editor\" data-id=\"e6c25e8\" data-element_type=\"widget\" data-widget_type=\"text-editor.default\">\n<div class=\"elementor-widget-container\">\n<div class=\"elementor-text-editor elementor-clearfix\">\n<p style=\"text-align: justify;\"><strong><img loading=\"lazy\" decoding=\"async\" src=\"http:\/\/casanlucar.com\/wp-content\/uploads\/2025\/06\/4.png\" width=\"37\" height=\"37\" alt=\"\" class=\"wp-image-26415 alignnone size-full\" \/><\/strong> Sanl\u00facar Centro es la opci\u00f3n perfecta para\u00a0familias numerosas, grupos de amigos o escapadas en pareja, ya que cuenta con:<\/p>\n<ul>\n<li><strong>5 apartamentos independientes<\/strong><\/li>\n<li>Cada apartamento con capacidad para\u00a0<strong>hasta 4 personas<\/strong><\/li>\n<li><strong>Capacidad total del edificio: hasta 20 personas<\/strong><\/li>\n<\/ul>\n<p>Todos los apartamentos disponen de:<\/p>\n<ul>\n<li>1\u00a0cama de matrimonio<\/li>\n<li>1\u00a0sof\u00e1 cama doble<\/li>\n<li>Ba\u00f1o privado<\/li>\n<li>Cocina completamente equipada<\/li>\n<li>WiFi gratuito y aire acondicionado<\/li>\n<\/ul>\n<p><strong><img loading=\"lazy\" decoding=\"async\" src=\"http:\/\/casanlucar.com\/wp-content\/uploads\/2025\/06\/2.png\" width=\"39\" height=\"39\" alt=\"\" class=\"wp-image-26413 alignnone size-full\" \/><\/strong><strong> Accesibilidad y extras<\/strong><\/p>\n<ul>\n<li>Un apartamento adaptado para personas con movilidad reducida<\/li>\n<li>Ascensor<\/li>\n<li>Aparcamiento disponible bajo petici\u00f3n<\/li>\n<li>Apartamento superior con terraza privada<\/li>\n<\/ul>\n<p><strong><img loading=\"lazy\" decoding=\"async\" src=\"http:\/\/casanlucar.com\/wp-content\/uploads\/2025\/06\/3.png\" width=\"39\" height=\"39\" alt=\"\" class=\"wp-image-26414 alignnone size-full\" \/>\u00a0Rehabilitado en 2024<\/strong><\/p>\n<p>El edificio ha sido completamente renovado y abri\u00f3 sus puertas en\u00a0agosto de 2024, conservando elementos arquitect\u00f3nicos originales que le dan un\u00a0encanto \u00fanico y aut\u00e9ntico<\/p>\n<ul><\/ul>\n<\/div>\n<\/div>\n<\/div>\n<p>[\/et_pb_text][\/et_pb_column][\/et_pb_row][et_pb_row _builder_version=\u00bb4.14.2&#8243; _module_preset=\u00bbdefault\u00bb global_colors_info=\u00bb{}\u00bb][et_pb_column type=\u00bb4_4&#8243; _builder_version=\u00bb4.14.2&#8243; _module_preset=\u00bbdefault\u00bb global_colors_info=\u00bb{}\u00bb][et_pb_divider _builder_version=\u00bb4.14.2&#8243; _module_preset=\u00bbdefault\u00bb global_colors_info=\u00bb{}\u00bb][\/et_pb_divider][\/et_pb_column][\/et_pb_row][et_pb_row _builder_version=\u00bb4.14.2&#8243; _module_preset=\u00bbdefault\u00bb locked=\u00bboff\u00bb][et_pb_column _builder_version=\u00bb4.14.2&#8243; _module_preset=\u00bbdefault\u00bb type=\u00bb4_4&#8243;][et_pb_text admin_label=\u00bbTitle\u00bb _builder_version=\u00bb4.14.2&#8243; text_font=\u00bbUbuntu||||||||\u00bb text_line_height=\u00bb1.8em\u00bb header_font=\u00bb||||||||\u00bb header_2_font=\u00bbMontserrat|700|||||||\u00bb header_2_font_size=\u00bb40px\u00bb header_2_line_height=\u00bb1.4em\u00bb text_orientation=\u00bbcenter\u00bb max_width=\u00bb601px\u00bb module_alignment=\u00bbcenter\u00bb custom_margin=\u00bb||5px|||\u00bb hover_enabled=\u00bb0&#8243; global_colors_info=\u00bb{}\u00bb sticky_enabled=\u00bb0&#8243;]<\/p>\n<h2><strong>\u00bfBuscas comodidad, ubicaci\u00f3n y flexibilidad en tu estancia en Sanl\u00facar?<\/strong><\/h2>\n<p>[\/et_pb_text][\/et_pb_column][\/et_pb_row][et_pb_row _builder_version=\u00bb4.14.2&#8243; _module_preset=\u00bbdefault\u00bb custom_margin=\u00bb-28px||62px||false|false\u00bb custom_padding=\u00bb0px||||false|false\u00bb hover_enabled=\u00bb0&#8243; sticky_enabled=\u00bb0&#8243;][et_pb_column _builder_version=\u00bb4.14.2&#8243; _module_preset=\u00bbdefault\u00bb type=\u00bb4_4&#8243;][et_pb_text _builder_version=\u00bb4.14.2&#8243; _module_preset=\u00bbdefault\u00bb text_font_size=\u00bb19px\u00bb hover_enabled=\u00bb0&#8243; sticky_enabled=\u00bb0&#8243;]<\/p>\n<p style=\"text-align: center;\"><img loading=\"lazy\" decoding=\"async\" src=\"http:\/\/casanlucar.com\/wp-content\/uploads\/2025\/06\/iconos.png\" width=\"37\" height=\"37\" alt=\"\" class=\"wp-image-26417 alignnone size-full\" \/>\u00a0Reserva ahora y vive la ciudad desde el coraz\u00f3n.<\/p>\n<p>[\/et_pb_text][\/et_pb_column][\/et_pb_row][et_pb_row column_structure=\u00bb1_3,1_3,1_3&#8243; _builder_version=\u00bb4.14.2&#8243; _module_preset=\u00bbdefault\u00bb global_colors_info=\u00bb{}\u00bb][et_pb_column type=\u00bb1_3&#8243; _builder_version=\u00bb4.14.2&#8243; _module_preset=\u00bbdefault\u00bb global_colors_info=\u00bb{}\u00bb][et_pb_text _builder_version=\u00bb4.14.2&#8243; _module_preset=\u00bbdefault\u00bb link_option_url=\u00bbhttps:\/\/casanlucar.com\/index.php\/project\/centro-apartamento-1\/\u00bb global_colors_info=\u00bb{}\u00bb]<\/p>\n<h2 style=\"text-align: center;\">Apartamento 1<\/h2>\n<p>[\/et_pb_text][et_pb_image src=\u00bbhttp:\/\/casanlucar.com\/wp-content\/uploads\/2025\/06\/ap1centro2.jpg\u00bb alt=\u00bbApartamento 1&#8243; title_text=\u00bbap1centro2&#8243; url=\u00bbhttps:\/\/casanlucar.com\/index.php\/project\/centro-apartamento-1\/\u00bb _builder_version=\u00bb4.14.2&#8243; _module_preset=\u00bbdefault\u00bb global_colors_info=\u00bb{}\u00bb][\/et_pb_image][\/et_pb_column][et_pb_column type=\u00bb1_3&#8243; _builder_version=\u00bb4.14.2&#8243; _module_preset=\u00bbdefault\u00bb global_colors_info=\u00bb{}\u00bb][et_pb_text _builder_version=\u00bb4.14.2&#8243; _module_preset=\u00bbdefault\u00bb link_option_url=\u00bbhttps:\/\/casanlucar.com\/index.php\/project\/centro-apartamento-2\/\u00bb global_colors_info=\u00bb{}\u00bb]<\/p>\n<h2 style=\"text-align: center;\">Apartamento 2<\/h2>\n<p>[\/et_pb_text][et_pb_image src=\u00bbhttp:\/\/casanlucar.com\/wp-content\/uploads\/2025\/06\/ap2centro5.jpg\u00bb title_text=\u00bbap2centro5&#8243; url=\u00bbhttps:\/\/casanlucar.com\/index.php\/project\/centro-apartamento-2\/\u00bb _builder_version=\u00bb4.14.2&#8243; _module_preset=\u00bbdefault\u00bb global_colors_info=\u00bb{}\u00bb][\/et_pb_image][\/et_pb_column][et_pb_column type=\u00bb1_3&#8243; _builder_version=\u00bb4.14.2&#8243; _module_preset=\u00bbdefault\u00bb global_colors_info=\u00bb{}\u00bb][et_pb_text _builder_version=\u00bb4.14.2&#8243; _module_preset=\u00bbdefault\u00bb link_option_url=\u00bbhttps:\/\/casanlucar.com\/index.php\/project\/centro-apartamento-3\/\u00bb global_colors_info=\u00bb{}\u00bb]<\/p>\n<h2 style=\"text-align: center;\">Apartamento 3<\/h2>\n<p>[\/et_pb_text][et_pb_image src=\u00bbhttp:\/\/casanlucar.com\/wp-content\/uploads\/2025\/06\/ap3centro1.jpg\u00bb title_text=\u00bbap3centro1&#8243; url=\u00bbhttps:\/\/casanlucar.com\/index.php\/project\/centro-apartamento-3\/\u00bb _builder_version=\u00bb4.14.2&#8243; _module_preset=\u00bbdefault\u00bb global_colors_info=\u00bb{}\u00bb][\/et_pb_image][\/et_pb_column][\/et_pb_row][et_pb_row column_structure=\u00bb1_3,1_3,1_3&#8243; _builder_version=\u00bb4.14.2&#8243; _module_preset=\u00bbdefault\u00bb global_colors_info=\u00bb{}\u00bb][et_pb_column type=\u00bb1_3&#8243; _builder_version=\u00bb4.14.2&#8243; _module_preset=\u00bbdefault\u00bb global_colors_info=\u00bb{}\u00bb][et_pb_text _builder_version=\u00bb4.14.2&#8243; _module_preset=\u00bbdefault\u00bb link_option_url=\u00bbhttps:\/\/casanlucar.com\/index.php\/project\/centro-apartamento-4\/\u00bb global_colors_info=\u00bb{}\u00bb]<\/p>\n<h2 style=\"text-align: center;\">Apartamento 4<\/h2>\n<p>[\/et_pb_text][et_pb_image src=\u00bbhttp:\/\/casanlucar.com\/wp-content\/uploads\/2025\/06\/ap4centro1.jpg\u00bb alt=\u00bbApartamento 1&#8243; title_text=\u00bbap4centro1&#8243; url=\u00bbhttps:\/\/casanlucar.com\/index.php\/project\/centro-apartamento-4\/\u00bb _builder_version=\u00bb4.14.2&#8243; _module_preset=\u00bbdefault\u00bb global_colors_info=\u00bb{}\u00bb][\/et_pb_image][\/et_pb_column][et_pb_column type=\u00bb1_3&#8243; _builder_version=\u00bb4.14.2&#8243; _module_preset=\u00bbdefault\u00bb global_colors_info=\u00bb{}\u00bb][et_pb_text _builder_version=\u00bb4.14.2&#8243; _module_preset=\u00bbdefault\u00bb link_option_url=\u00bbhttps:\/\/casanlucar.com\/index.php\/project\/centro-apartamento-5\/\u00bb global_colors_info=\u00bb{}\u00bb]<\/p>\n<h2 style=\"text-align: center;\">Apartamento 5<\/h2>\n<p>[\/et_pb_text][et_pb_image src=\u00bbhttp:\/\/casanlucar.com\/wp-content\/uploads\/2025\/06\/ap5centro5.jpg\u00bb title_text=\u00bbap5centro5&#8243; url=\u00bbhttps:\/\/casanlucar.com\/index.php\/project\/centro-apartamento-5\/\u00bb _builder_version=\u00bb4.14.2&#8243; _module_preset=\u00bbdefault\u00bb global_colors_info=\u00bb{}\u00bb][\/et_pb_image][\/et_pb_column][et_pb_column type=\u00bb1_3&#8243; _builder_version=\u00bb4.14.2&#8243; _module_preset=\u00bbdefault\u00bb global_colors_info=\u00bb{}\u00bb][\/et_pb_column][\/et_pb_row][\/et_pb_section][et_pb_section fb_built=\u00bb1&#8243; _builder_version=\u00bb4.14.2&#8243; _module_preset=\u00bbdefault\u00bb custom_padding=\u00bb0px|||||\u00bb global_colors_info=\u00bb{}\u00bb][\/et_pb_section]<\/p>\n","protected":false},"excerpt":{"rendered":"<p>SANL\u00daCAR CENTRO: ALOJAMIENTO CON ENCANTO EN EL CORAZ\u00d3N DE LA CIUDAD En Casanl\u00facar te ofrecemos la posibilidad de alojarte en uno de los edificios m\u00e1s emblem\u00e1ticos del centro hist\u00f3rico de Sanl\u00facar de Barrameda: el edificio\u00a0Sanl\u00facar Centro. Ubicado en la\u00a0Plaza San Roque, junto al antiguo Bar El Cura, este edificio rehabilitado combina el car\u00e1cter andaluz original [&hellip;]<\/p>\n","protected":false},"author":3,"featured_media":0,"parent":0,"menu_order":0,"comment_status":"closed","ping_status":"closed","template":"","meta":{"_acf_changed":false,"_et_pb_use_builder":"on","_et_pb_old_content":"","_et_gb_content_width":"","footnotes":""},"class_list":["post-26367","page","type-page","status-publish","hentry"],"acf":[],"_links":{"self":[{"href":"https:\/\/casanlucar.com\/index.php\/wp-json\/wp\/v2\/pages\/26367","targetHints":{"allow":["GET"]}}],"collection":[{"href":"https:\/\/casanlucar.com\/index.php\/wp-json\/wp\/v2\/pages"}],"about":[{"href":"https:\/\/casanlucar.com\/index.php\/wp-json\/wp\/v2\/types\/page"}],"author":[{"embeddable":true,"href":"https:\/\/casanlucar.com\/index.php\/wp-json\/wp\/v2\/users\/3"}],"replies":[{"embeddable":true,"href":"https:\/\/casanlucar.com\/index.php\/wp-json\/wp\/v2\/comments?post=26367"}],"version-history":[{"count":6,"href":"https:\/\/casanlucar.com\/index.php\/wp-json\/wp\/v2\/pages\/26367\/revisions"}],"predecessor-version":[{"id":26420,"href":"https:\/\/casanlucar.com\/index.php\/wp-json\/wp\/v2\/pages\/26367\/revisions\/26420"}],"wp:attachment":[{"href":"https:\/\/casanlucar.com\/index.php\/wp-json\/wp\/v2\/media?parent=26367"}],"curies":[{"name":"wp","href":"https:\/\/api.w.org\/{rel}","templated":true}]}}